{"id":116465,"date":"2021-01-06T08:26:29","date_gmt":"2021-01-06T08:26:29","guid":{"rendered":"https:\/\/ldgroup.bg\/product\/frezova-glava-smplastini-za-frizove\/"},"modified":"2025-04-17T05:23:01","modified_gmt":"2025-04-17T05:23:01","slug":"frezova-glava-smplastini-za-frizove","status":"publish","type":"product","link":"https:\/\/ldgroup.bg\/en\/product\/frezova-glava-smplastini-za-frizove\/","title":{"rendered":"\u0424\u0440\u0435\u0437\u043e\u0432\u0430 \u0433\u043b\u0430\u0432\u0430 \u0441\u043c.\u043f\u043b\u0430\u0441\u0442\u0438\u043d\u0438 \u0437\u0430 \u0444\u0440\u0438\u0437\u043e\u0432\u0435"},"content":{"rendered":"<div id=\"content\" class=\"\">\n<div class=\"product-blocks blocks-default\">\n<div class=\"tabs-container product_extra product_tabs product_tabs-default\">\n<div class=\"tab-content\">\n<div id=\"product_tabs-6572f6b22b1a6\" class=\"product_extra-275 tab-pane active\">\n<div class=\"block-body expand-block\">\n<div class=\"block-wrapper\">\n<div class=\"block-content \">\n<table class=\"Table\" width=\"0\" align=\"center\">\n<tbody>\n<tr>\n<td valign=\"top\">\n<p align=\"center\"><b>CODE<\/b><\/p>\n<\/td>\n<td valign=\"top\">\n<p align=\"center\"><b><span lang=\"EN-US\">D<\/span><\/b><\/p>\n<\/td>\n<td valign=\"top\">\n<p align=\"center\"><b><span lang=\"EN-US\">B<\/span><\/b><\/p>\n<\/td>\n<td valign=\"top\">\n<p align=\"center\"><b>PROFILE<\/b><\/p>\n<\/td>\n<td valign=\"top\">\n<p align=\"center\"><b><span lang=\"EN-US\">Z<\/span><\/b><\/p>\n<\/td>\n<td valign=\"top\">\n<p align=\"center\"><b><span lang=\"EN-US\">d<\/span><\/b><\/p>\n<\/td>\n<td valign=\"top\">\n<p align=\"center\"><b><span lang=\"EN-US\">n<\/span><\/b><\/p>\n<\/td>\n<\/tr>\n<tr>\n<td valign=\"top\">\n<p align=\"center\"><b>7<\/b><b><span lang=\"EN-US\">42<\/span><\/b><b>.0<\/b><b><span lang=\"EN-US\">3<\/span><\/b><b>.<\/b><b><span lang=\"EN-US\">1<\/span><\/b><b>1<\/b><\/p>\n<\/td>\n<td valign=\"top\">\n<p align=\"center\"><b>12<\/b><b><span lang=\"EN-US\">0<\/span><\/b><\/p>\n<\/td>\n<td valign=\"top\">\n<p align=\"center\"><b><span lang=\"EN-US\">4<\/span><\/b><b>0<\/b><\/p>\n<\/td>\n<td valign=\"top\">\n<p align=\"center\"><b>1<\/b><\/p>\n<\/td>\n<td valign=\"top\">\n<p align=\"center\"><b><span lang=\"EN-US\">2<\/span><\/b><\/p>\n<\/td>\n<td valign=\"top\">\n<p align=\"center\"><b><span lang=\"EN-US\">30<\/span><\/b><\/p>\n<\/td>\n<td valign=\"top\">\n<p align=\"center\"><b><span lang=\"EN-US\">50<\/span><\/b><b>00\u00f7<\/b><b><span lang=\"EN-US\">84<\/span><\/b><b>00<\/b><\/p>\n<\/td>\n<\/tr>\n<tr>\n<td valign=\"top\">\n<p align=\"center\"><b>7<\/b><b><span lang=\"EN-US\">42<\/span><\/b><b>.0<\/b><b><span lang=\"EN-US\">3<\/span><\/b><b>.<\/b><b><span lang=\"EN-US\">2<\/span><\/b><b>1<\/b><\/p>\n<\/td>\n<td valign=\"top\">\n<p align=\"center\"><b>12<\/b><b><span lang=\"EN-US\">0<\/span><\/b><\/p>\n<\/td>\n<td valign=\"top\">\n<p align=\"center\"><b><span lang=\"EN-US\">4<\/span><\/b><b>0<\/b><\/p>\n<\/td>\n<td valign=\"top\">\n<p align=\"center\"><b><span lang=\"EN-US\">2<\/span><\/b><\/p>\n<\/td>\n<td valign=\"top\">\n<p align=\"center\"><b><span lang=\"EN-US\">2<\/span><\/b><\/p>\n<\/td>\n<td valign=\"top\">\n<p align=\"center\"><b><span lang=\"EN-US\">30<\/span><\/b><\/p>\n<\/td>\n<td valign=\"top\">\n<p align=\"center\"><b><span lang=\"EN-US\">50<\/span><\/b><b>00\u00f7<\/b><b><span lang=\"EN-US\">84<\/span><\/b><b>00<\/b><\/p>\n<\/td>\n<\/tr>\n<tr>\n<td valign=\"top\">\n<p align=\"center\"><b>7<\/b><b><span lang=\"EN-US\">42<\/span><\/b><b>.0<\/b><b><span lang=\"EN-US\">3<\/span><\/b><b>.<\/b><b><span lang=\"EN-US\">3<\/span><\/b><b>1<\/b><\/p>\n<\/td>\n<td valign=\"top\">\n<p align=\"center\"><b>12<\/b><b><span lang=\"EN-US\">0<\/span><\/b><\/p>\n<\/td>\n<td valign=\"top\">\n<p align=\"center\"><b><span lang=\"EN-US\">4<\/span><\/b><b>0<\/b><\/p>\n<\/td>\n<td valign=\"top\">\n<p align=\"center\"><b><span lang=\"EN-US\">3<\/span><\/b><\/p>\n<\/td>\n<td valign=\"top\">\n<p align=\"center\"><b><span lang=\"EN-US\">2<\/span><\/b><\/p>\n<\/td>\n<td valign=\"top\">\n<p align=\"center\"><b><span lang=\"EN-US\">30<\/span><\/b><\/p>\n<\/td>\n<td valign=\"top\">\n<p align=\"center\"><b><span lang=\"EN-US\">50<\/span><\/b><b>00\u00f7<\/b><b><span lang=\"EN-US\">84<\/span><\/b><b>00<\/b><\/p>\n<\/td>\n<\/tr>\n<tr>\n<td valign=\"top\">\n<p align=\"center\"><b>7<\/b><b><span lang=\"EN-US\">42<\/span><\/b><b>.0<\/b><b><span lang=\"EN-US\">3<\/span><\/b><b>.<\/b><b><span lang=\"EN-US\">4<\/span><\/b><b>1<\/b><\/p>\n<\/td>\n<td valign=\"top\">\n<p align=\"center\"><b>12<\/b><b><span lang=\"EN-US\">0<\/span><\/b><\/p>\n<\/td>\n<td valign=\"top\">\n<p align=\"center\"><b><span lang=\"EN-US\">4<\/span><\/b><b>0<\/b><\/p>\n<\/td>\n<td valign=\"top\">\n<p align=\"center\"><b><span lang=\"EN-US\">4<\/span><\/b><\/p>\n<\/td>\n<td valign=\"top\">\n<p align=\"center\"><b><span lang=\"EN-US\">2<\/span><\/b><\/p>\n<\/td>\n<td valign=\"top\">\n<p align=\"center\"><b><span lang=\"EN-US\">30<\/span><\/b><\/p>\n<\/td>\n<td valign=\"top\">\n<p align=\"center\"><b><span lang=\"EN-US\">50<\/span><\/b><b>00\u00f7<\/b><b><span lang=\"EN-US\">84<\/span><\/b><b>00<\/b><\/p>\n<\/td>\n<\/tr>\n<tr>\n<td valign=\"top\">\n<p align=\"center\"><b><span lang=\"EN-US\">310.86.56<\/span><\/b><\/p>\n<\/td>\n<td valign=\"top\">\n<p align=\"center\"><b>knives<\/b><\/p>\n<\/td>\n<td valign=\"top\">\n<p align=\"center\">\n<\/td>\n<td valign=\"top\">\n<p align=\"center\"><b>1<\/b><\/p>\n<\/td>\n<td valign=\"top\">\n<p align=\"center\">\n<\/td>\n<td valign=\"top\">\n<p align=\"center\">\n<\/td>\n<td valign=\"top\">\n<p align=\"center\"><b>set<\/b><\/p>\n<\/td>\n<\/tr>\n<tr>\n<td valign=\"top\">\n<p align=\"center\"><b>310.86.66<\/b><\/p>\n<\/td>\n<td valign=\"top\">\n<p align=\"center\"><b>knives<\/b><\/p>\n<\/td>\n<td valign=\"top\">\n<p align=\"center\">\n<\/td>\n<td valign=\"top\">\n<p align=\"center\"><b>2<\/b><\/p>\n<\/td>\n<td valign=\"top\">\n<p align=\"center\">\n<\/td>\n<td valign=\"top\">\n<p align=\"center\">\n<\/td>\n<td valign=\"top\">\n<p align=\"center\"><b>set<\/b><\/p>\n<\/td>\n<\/tr>\n<tr>\n<td valign=\"top\">\n<p align=\"center\"><b>310.86.86<\/b><\/p>\n<\/td>\n<td valign=\"top\">\n<p align=\"center\"><b>knives<\/b><\/p>\n<\/td>\n<td valign=\"top\">\n<p align=\"center\">\n<\/td>\n<td valign=\"top\">\n<p align=\"center\"><b>4<\/b><\/p>\n<\/td>\n<td valign=\"top\">\n<p align=\"center\">\n<\/td>\n<td valign=\"top\">\n<p align=\"center\">\n<\/td>\n<td valign=\"top\">\n<p align=\"center\"><b>set<\/b><\/p>\n<\/td>\n<\/tr>\n<\/tbody>\n<\/table>\n<p>&nbsp;<\/p>\n<p><em><strong>The price of cutterhead is with knives included.The price of spare knives is for a set of two pieces.<\/strong><\/em><\/p>\n<\/div>\n<\/div>\n<\/div>\n<\/div>\n<\/div>\n<\/div>\n<\/div>\n<\/div>\n","protected":false},"excerpt":{"rendered":"<p>CODE D B PROFILE Z d n 742.03.11 120 40 1 2 30 5000\u00f78400 742.03.21 120 40 2 2 30 5000\u00f78400 742.03.31 120 40 3 2 30 5000\u00f78400 742.03.41 120 40 4 2 30 5000\u00f78400 310.86.56 knives 1 set 310.86.66 knives 2 set 310.86.86 knives 4 set &nbsp; The price of cutterhead is with knives [&hellip;]<\/p>\n","protected":false},"featured_media":110167,"comment_status":"open","ping_status":"closed","template":"","meta":{"_acf_changed":false,"inline_featured_image":false},"pwb-brand":[131],"product_brand":[],"product_cat":[3545],"product_tag":[],"class_list":{"0":"post-116465","1":"product","2":"type-product","3":"status-publish","4":"has-post-thumbnail","6":"pwb-brand-dimar-izrael","7":"product_cat-frezovi-glavi-en","8":"pa_d-b-profil-z-d-n-120-40-1-2-30-50008400-en","9":"pa_d-b-profil-z-d-n-120-40-2-2-30-50008400-en","10":"pa_d-b-profil-z-d-n-120-40-3-2-30-50008400-en","11":"pa_d-b-profil-z-d-n-120-40-4-2-30-50008400-en","12":"pa_d-b-profil-z-d-n-plastina-profil-1-en","13":"pa_d-b-profil-z-d-n-plastina-profil-2-en","14":"pa_d-b-profil-z-d-n-plastina-profil-3-en","15":"pa_d-b-profil-z-d-n-plastina-profil-4-en","16":"pa_plastina-2-profil-1-en","17":"pa_plastina-2-profil-2-en","18":"pa_plastina-2-profil-3-en","19":"pa_plastina-2-profil-4-en","21":"first","22":"instock","23":"shipping-taxable","24":"purchasable","25":"product-type-variable"},"acf":[],"brands":[{"id":131,"name":"DIMAR-\u0418\u0437\u0440\u0430\u0435\u043b","slug":"dimar-izrael"}],"_links":{"self":[{"href":"https:\/\/ldgroup.bg\/en\/wp-json\/wp\/v2\/product\/116465","targetHints":{"allow":["GET"]}}],"collection":[{"href":"https:\/\/ldgroup.bg\/en\/wp-json\/wp\/v2\/product"}],"about":[{"href":"https:\/\/ldgroup.bg\/en\/wp-json\/wp\/v2\/types\/product"}],"replies":[{"embeddable":true,"href":"https:\/\/ldgroup.bg\/en\/wp-json\/wp\/v2\/comments?post=116465"}],"wp:featuredmedia":[{"embeddable":true,"href":"https:\/\/ldgroup.bg\/en\/wp-json\/wp\/v2\/media\/110167"}],"wp:attachment":[{"href":"https:\/\/ldgroup.bg\/en\/wp-json\/wp\/v2\/media?parent=116465"}],"wp:term":[{"taxonomy":"pwb-brand","embeddable":true,"href":"https:\/\/ldgroup.bg\/en\/wp-json\/wp\/v2\/pwb-brand?post=116465"},{"taxonomy":"product_brand","embeddable":true,"href":"https:\/\/ldgroup.bg\/en\/wp-json\/wp\/v2\/product_brand?post=116465"},{"taxonomy":"product_cat","embeddable":true,"href":"https:\/\/ldgroup.bg\/en\/wp-json\/wp\/v2\/product_cat?post=116465"},{"taxonomy":"product_tag","embeddable":true,"href":"https:\/\/ldgroup.bg\/en\/wp-json\/wp\/v2\/product_tag?post=116465"}],"curies":[{"name":"wp","href":"https:\/\/api.w.org\/{rel}","templated":true}]}}