{"id":116351,"date":"2020-09-19T09:45:07","date_gmt":"2020-09-19T09:45:07","guid":{"rendered":"https:\/\/ldgroup.bg\/product\/freza-za-nut-sas-smenyaemi-plastini-reg\/"},"modified":"2025-05-31T07:13:46","modified_gmt":"2025-05-31T07:13:46","slug":"freza-za-nut-sas-smenyaemi-plastini-reg","status":"publish","type":"product","link":"https:\/\/ldgroup.bg\/en\/product\/freza-za-nut-sas-smenyaemi-plastini-reg\/","title":{"rendered":"Adjustable grooving and rebating cutter with scorers 4-100mm"},"content":{"rendered":"<table width=\"0\">\n<tbody>\n<tr>\n<td style=\"text-align: center;\"><strong>code<\/strong><\/td>\n<td style=\"text-align: center;\"><strong>D<\/strong><\/td>\n<td style=\"text-align: center;\"><strong>B<\/strong><\/td>\n<td style=\"text-align: center;\"><strong>Z<\/strong><\/td>\n<td style=\"text-align: center;\"><strong>d<\/strong><\/td>\n<td style=\"text-align: center;\"><strong>Max.t<\/strong><\/td>\n<td style=\"text-align: center;\"><strong>n<\/strong><\/td>\n<\/tr>\n<tr>\n<td style=\"text-align: center;\"><strong>722.00.21<\/strong><\/td>\n<td style=\"text-align: center;\"><strong>160<\/strong><\/td>\n<td style=\"text-align: center;\"><strong>8,0\u00f715,0<\/strong><\/td>\n<td style=\"text-align: center;\"><strong>4+4<\/strong><\/td>\n<td style=\"text-align: center;\"><strong>30<\/strong><\/td>\n<td style=\"text-align: center;\"><strong>30<\/strong><\/td>\n<td style=\"text-align: center;\"><strong>5000\u00f78900<\/strong><\/td>\n<\/tr>\n<tr>\n<td style=\"text-align: center;\"><strong>722.00.31<\/strong><\/td>\n<td style=\"text-align: center;\"><strong>160<\/strong><\/td>\n<td style=\"text-align: center;\"><strong>12,5\u00f724,0<\/strong><\/td>\n<td style=\"text-align: center;\"><strong>4+4<\/strong><\/td>\n<td style=\"text-align: center;\"><strong>30<\/strong><\/td>\n<td style=\"text-align: center;\"><strong>30<\/strong><\/td>\n<td style=\"text-align: center;\"><strong>5000\u00f78900<\/strong><\/td>\n<\/tr>\n<tr>\n<td style=\"text-align: center;\"><strong>722.03.21<\/strong><\/td>\n<td style=\"text-align: center;\"><strong>160<\/strong><\/td>\n<td style=\"text-align: center;\"><strong>30,6\u00f760,0<\/strong><\/td>\n<td style=\"text-align: center;\"><strong>4+4<\/strong><\/td>\n<td style=\"text-align: center;\"><strong>30<\/strong><\/td>\n<td style=\"text-align: center;\"><strong>40<\/strong><\/td>\n<td style=\"text-align: center;\"><strong>max.5400<\/strong><\/td>\n<\/tr>\n<tr>\n<td style=\"text-align: center;\"><strong>722.03.31<\/strong><\/td>\n<td style=\"text-align: center;\"><strong>160<\/strong><\/td>\n<td style=\"text-align: center;\"><strong>50,6\u00f7100,0<\/strong><\/td>\n<td style=\"text-align: center;\"><strong>4+4<\/strong><\/td>\n<td style=\"text-align: center;\"><strong>30<\/strong><\/td>\n<td style=\"text-align: center;\"><strong>40<\/strong><\/td>\n<td style=\"text-align: center;\"><strong>max.5000<\/strong><\/td>\n<\/tr>\n<tr>\n<td style=\"text-align: center;\"><strong>722.02.71<\/strong><\/td>\n<td style=\"text-align: center;\"><strong>200<\/strong><\/td>\n<td style=\"text-align: center;\"><strong>20,6\u00f740,0<\/strong><\/td>\n<td style=\"text-align: center;\"><strong>4+4<\/strong><\/td>\n<td style=\"text-align: center;\"><strong>30<\/strong><\/td>\n<td style=\"text-align: center;\"><strong>50<\/strong><\/td>\n<td style=\"text-align: center;\"><strong>4000<\/strong><\/td>\n<\/tr>\n<\/tbody>\n<\/table>\n<p>&nbsp;<\/p>\n<p><em><strong>Hard wearing steel body complete with disposable tungsten carbide knives and scorers for improved finish.Suiteble for producing various thickness grooves and rebates in softwood,hardwood and man-made boards (with or without coating) on a spindle moulder.Cutting width can be adjusted in 0,1mm steps by using spacer rings.<\/strong><\/em><\/p>\n<p>&nbsp;<\/p>\n<table width=\"0\">\n<tbody>\n<tr>\n<td style=\"text-align: center;\"><strong>code<\/strong><\/td>\n<td><strong>722.00.21<\/strong><\/td>\n<td><strong>722.00.31<\/strong><\/td>\n<\/tr>\n<tr>\n<td style=\"text-align: center;\"><strong>Knife 7,5\u044512\u04451,5<\/strong><\/td>\n<td style=\"text-align: center;\"><strong>4<\/strong><\/td>\n<td style=\"text-align: center;\"><strong>&#8211;<\/strong><\/td>\n<\/tr>\n<tr>\n<td style=\"text-align: center;\"><strong>Knife 11,6\u044512\u04451,5<\/strong><\/td>\n<td style=\"text-align: center;\"><strong>&#8211;<\/strong><\/td>\n<td style=\"text-align: center;\"><strong>4<\/strong><\/td>\n<\/tr>\n<tr>\n<td style=\"text-align: center;\"><strong>Knife 14\u044514\u04452<\/strong><\/td>\n<td style=\"text-align: center;\"><strong>4<\/strong><\/td>\n<td style=\"text-align: center;\"><strong>4<\/strong><\/td>\n<\/tr>\n<tr>\n<td style=\"text-align: center;\"><strong>Screw \u041c5\u04456,1 <\/strong><strong>D9<\/strong><\/p>\n<p><strong>193.37.00<\/strong><\/td>\n<td style=\"text-align: center;\"><strong>4<\/strong><\/td>\n<td style=\"text-align: center;\"><strong>4<\/strong><\/td>\n<\/tr>\n<tr>\n<td style=\"text-align: center;\"><strong>Stopper \u041c5\u044516<\/strong><\/p>\n<p><strong>193.06.00<\/strong><\/td>\n<td style=\"text-align: center;\"><strong>4<\/strong><\/td>\n<td style=\"text-align: center;\"><strong>4<\/strong><\/td>\n<\/tr>\n<\/tbody>\n<\/table>\n","protected":false},"excerpt":{"rendered":"<p>code D B Z d Max.t n 722.00.21 160 8,0\u00f715,0 4+4 30 30 5000\u00f78900 722.00.31 160 12,5\u00f724,0 4+4 30 30 5000\u00f78900 722.03.21 160 30,6\u00f760,0 4+4 30 40 max.5400 722.03.31 160 50,6\u00f7100,0 4+4 30 40 max.5000 722.02.71 200 20,6\u00f740,0 4+4 30 50 4000 &nbsp; Hard wearing steel body complete with disposable tungsten carbide knives and scorers [&hellip;]<\/p>\n","protected":false},"featured_media":110135,"comment_status":"open","ping_status":"closed","template":"","meta":{"_acf_changed":false,"inline_featured_image":false},"pwb-brand":[131],"product_brand":[],"product_cat":[3545],"product_tag":[],"class_list":{"0":"post-116351","1":"product","2":"type-product","3":"status-publish","4":"has-post-thumbnail","6":"pwb-brand-dimar-izrael","7":"product_cat-frezovi-glavi-en","9":"first","10":"instock","11":"shipping-taxable","12":"purchasable","13":"product-type-variable"},"acf":[],"brands":[{"id":131,"name":"DIMAR-\u0418\u0437\u0440\u0430\u0435\u043b","slug":"dimar-izrael"}],"_links":{"self":[{"href":"https:\/\/ldgroup.bg\/en\/wp-json\/wp\/v2\/product\/116351","targetHints":{"allow":["GET"]}}],"collection":[{"href":"https:\/\/ldgroup.bg\/en\/wp-json\/wp\/v2\/product"}],"about":[{"href":"https:\/\/ldgroup.bg\/en\/wp-json\/wp\/v2\/types\/product"}],"replies":[{"embeddable":true,"href":"https:\/\/ldgroup.bg\/en\/wp-json\/wp\/v2\/comments?post=116351"}],"wp:featuredmedia":[{"embeddable":true,"href":"https:\/\/ldgroup.bg\/en\/wp-json\/wp\/v2\/media\/110135"}],"wp:attachment":[{"href":"https:\/\/ldgroup.bg\/en\/wp-json\/wp\/v2\/media?parent=116351"}],"wp:term":[{"taxonomy":"pwb-brand","embeddable":true,"href":"https:\/\/ldgroup.bg\/en\/wp-json\/wp\/v2\/pwb-brand?post=116351"},{"taxonomy":"product_brand","embeddable":true,"href":"https:\/\/ldgroup.bg\/en\/wp-json\/wp\/v2\/product_brand?post=116351"},{"taxonomy":"product_cat","embeddable":true,"href":"https:\/\/ldgroup.bg\/en\/wp-json\/wp\/v2\/product_cat?post=116351"},{"taxonomy":"product_tag","embeddable":true,"href":"https:\/\/ldgroup.bg\/en\/wp-json\/wp\/v2\/product_tag?post=116351"}],"curies":[{"name":"wp","href":"https:\/\/api.w.org\/{rel}","templated":true}]}}